{"id":101,"date":"2022-12-02T08:34:00","date_gmt":"2022-12-02T07:34:00","guid":{"rendered":"https:\/\/gskgonet.panorama4u.pl\/?page_id=101"},"modified":"2025-12-02T09:38:55","modified_gmt":"2025-12-02T08:38:55","slug":"statut-stowarzyszenia","status":"publish","type":"page","link":"https:\/\/gskgonet.com.pl\/?page_id=101","title":{"rendered":"Statut Stowarzyszenia"},"content":{"rendered":"\n<ul class=\"wp-block-list\">\n<li><strong><em>Rozdzia\u0142 I<\/em><\/strong><\/li>\n\n\n\n<li>Postanowienia og\u00f3lne.<\/li>\n\n\n\n<li><strong>\u00a7 1<\/strong><\/li>\n\n\n\n<li>Stowarzyszenie Gminna Sie\u0107 Komputerowa \u201eGONET\u201d, zwane dalej Stowarzyszeniem dzia\u0142a na podstawie ustawy z dnia 7 kwietnia 1989r. \u2013 Prawo o Stowarzyszeniach (Dz.U. Nr 20. poz. 104) i posiada osobowo\u015b\u0107 prawn\u0105.<\/li>\n\n\n\n<li><strong>\u00a7 2<\/strong><\/li>\n\n\n\n<li>Siedzib\u0105 Stowarzyszenia jest miejscowo\u015b\u0107 Gorzyce. Terenem dzia\u0142ania jest obszar wojew\u00f3dztwa podkarpackiego.<\/li>\n\n\n\n<li><strong>\u00a7 3<\/strong><\/li>\n\n\n\n<li>Stowarzyszenie mo\u017ce nabywa\u0107 prawa i zaci\u0105ga\u0107 zobowi\u0105zania w granicach przewidzianych przepisami prawa. Stowarzyszenie dzia\u0142a przez swoje organa wskazane w niniejszym Statucie.<\/li>\n\n\n\n<li><strong>\u00a7 4<\/strong><\/li>\n\n\n\n<li>Stowarzyszenie opiera swoje dzia\u0142ania na pracy spo\u0142ecznej cz\u0142onk\u00f3w. Do prowadzenia swoich spraw mo\u017ce zatrudnia\u0107 pracownik\u00f3w ( tak\u017ce spo\u015br\u00f3d cz\u0142onk\u00f3w Stowarzyszenia ).<\/li>\n\n\n\n<li><strong>\u00a7 5<\/strong><\/li>\n\n\n\n<li>Stowarzyszenie ma prawo u\u017cywania piecz\u0119ci , odznak i znak\u00f3w organizacyjnych po uzyskaniu zgody uprawnionych organ\u00f3w.<\/li>\n\n\n\n<li><strong>\u00a7 6<\/strong><\/li>\n\n\n\n<li>Stowarzyszenie mo\u017ce by\u0107 cz\u0142onkiem r\u00f3\u017cnych stowarzysze\u0144 , zrzesze\u0144 i organizacji o podobnych celach dzia\u0142ania.<\/li>\n\n\n\n<li><strong><em>Rozdzia\u0142 II<\/em><\/strong><\/li>\n\n\n\n<li>Cele i zadania Stowarzyszenia.<\/li>\n\n\n\n<li><strong>\u00a7 7<\/strong><\/li>\n\n\n\n<li>Celem Stowarzyszenia jest :<\/li>\n\n\n\n<li>1. Tworzenie , administrowanie i u\u017cytkowanie sieci komputerowych.<\/li>\n\n\n\n<li>2. Rozwijanie zainteresowania podnoszeniem poziomu i umiej\u0119tno\u015bci w pos\u0142ugiwaniu si\u0119 sprz\u0119tem komputerowym oraz komunikowaniem si\u0119 za pomoc\u0105 sieci komputerowych.<\/li>\n\n\n\n<li>3. Umo\u017cliwienie dost\u0119pu do komputerowych sieci globalnych cz\u0142onkom Stowarzyszenia i innym zainteresowanym osobom.<\/li>\n\n\n\n<li>4. Umo\u017cliwienie szerszego nawi\u0105zywania kontakt\u00f3w pomi\u0119dzy uczestnikami komunikacji komputerowej.<\/li>\n\n\n\n<li>5. Kszta\u0142towanie kultury w kontaktach za pomoc\u0105 sieci komputerowych.<\/li>\n\n\n\n<li>6. Szerzenie wiedzy informatycznej.<\/li>\n\n\n\n<li><strong>\u00a7 8<\/strong><\/li>\n\n\n\n<li>Stowarzyszenie realizuje swoje cele poprzez:<\/li>\n\n\n\n<li>1. Wsp\u00f3\u0142prac\u0119 z innymi instytucjami i organizacjami o podobnych celach.<\/li>\n\n\n\n<li>2. Uzyskiwanie uprawnie\u0144 na rozprowadzanie instalacji sieci komputerowych.<\/li>\n\n\n\n<li>3. \u0141\u0105czenie istniej\u0105cych amatorskich i szkolnych komputerowych sieci lokalnych w sieci rozleg\u0142e.<\/li>\n\n\n\n<li>4. Organizowanie taniego dost\u0119pu do sieci internetowej.<\/li>\n\n\n\n<li>5. Prowadzenie dzia\u0142alno\u015bci gospodarczej, zgodnie z obowi\u0105zuj\u0105cymi przepisami.<\/li>\n\n\n\n<li><strong><em>Rozdzia\u0142 III<\/em><\/strong><\/li>\n\n\n\n<li>Cz\u0142onkowie, ich prawa i obowi\u0105zki.<\/li>\n\n\n\n<li><strong>\u00a7 9<\/strong><\/li>\n\n\n\n<li>Cz\u0142onkowie Stowarzyszenia dziel\u0105 si\u0119 na:<\/li>\n\n\n\n<li>1. Zwyczajnych.<\/li>\n\n\n\n<li>2. Wspieraj\u0105cych.<\/li>\n\n\n\n<li>3. Honorowych.<\/li>\n\n\n\n<li><strong>\u00a7 10<\/strong><\/li>\n\n\n\n<li>1. Cz\u0142onkiem zwyczajnym Stowarzyszenia mo\u017ce by\u0107 ka\u017cda pe\u0142noletnia osoba fizyczna maj\u0105ca pe\u0142n\u0105 zdolno\u015b\u0107 do czynno\u015bci prawnych, nie pozbawiona praw publicznych i ka\u017cda osoba prawna z wyj\u0105tkiem os\u00f3b wymienionych w art. 44 ustawy z 7 kwietnia 1989 r. Prawo o Stowarzyszeniach (Dz. U. poz. 104 wraz z p\u00f3\u017aniejszymi zmianami) , kt\u00f3ra z\u0142o\u017cy wype\u0142nion\u0105 deklaracj\u0119 cz\u0142onkowsk\u0105 i zostanie przyj\u0119ta przez Zarz\u0105d.<\/li>\n\n\n\n<li>2. Przyj\u0119cie w poczet cz\u0142onk\u00f3w Stowarzyszenia oraz w poczet cz\u0142onk\u00f3w wspieraj\u0105cych dokonuje Zarz\u0105d na podstawie pisemnej deklaracji przyst\u0119puj\u0105cego zawieraj\u0105cej imi\u0119 i nazwisko (nazw\u0119), dat\u0119 urodzenia, miejsce zamieszkania (siedzib\u0119), o\u015bwiadczenie o przyst\u0105pieniu oraz (w przypadku os\u00f3b prawnych) \u2013 zakres deklarowanej Stowarzyszeniu pomocy.<\/li>\n\n\n\n<li>3. W przypadku odmowy przyj\u0119cia przys\u0142uguje, sk\u0142adaj\u0105cemu deklaracj\u0119, odwo\u0142anie do Walnego Zebrania Cz\u0142onk\u00f3w.<\/li>\n\n\n\n<li>4. Cz\u0142onkostwo powstanie z dniem podj\u0119cia, przez Zarz\u0105d, uchwa\u0142y o przyj\u0119ciu. O podj\u0119ciu uchwa\u0142y Zarz\u0105d powiadamia zainteresowanego.<\/li>\n\n\n\n<li>5. Za\u0142o\u017cyciele Stowarzyszenia, kt\u00f3rzy podpisali list\u0119 za\u0142o\u017cycieli do\u0142\u0105czon\u0105 do wniosku o rejestracj\u0119 Stowarzyszenia staj\u0105 si\u0119 jego cz\u0142onkami z chwil\u0105 uprawomocnienia si\u0119 postanowienia S\u0105du o zarejestrowaniu.<\/li>\n\n\n\n<li>6. Osoby w wieku od 16 do 18 lat mog\u0105 ubiega\u0107 si\u0119 o cz\u0142onkostwo za zgod\u0105 opiekun\u00f3w prawnych, bez prawa udzia\u0142u w g\u0142osowaniach na Walnym Zebraniu oraz bez korzystania z czynnego i biernego prawa wyborczego do w\u0142adz Stowarzyszenia.<\/li>\n\n\n\n<li><strong>\u00a7 11<\/strong><\/li>\n\n\n\n<li>Cz\u0142onkiem wspieraj\u0105cym Stowarzyszenia s\u0105 osoby fizyczne i prawne uznaj\u0105ce cele realizowane przez Stowarzyszenie i wspieraj\u0105ce je w zale\u017cno\u015bci od swoich mo\u017cliwo\u015bci, nie maj\u0105cy jednak czynnego i biernego prawa wyborczego do w\u0142adz Stowarzyszenia.<\/li>\n\n\n\n<li><strong>\u00a7 12<\/strong><\/li>\n\n\n\n<li>1. Cz\u0142onkiem honorowym Stowarzyszenia mo\u017ce zosta\u0107 osoba fizyczna, szczeg\u00f3lnie zas\u0142u\u017cona dla realizacji cel\u00f3w statutowych Stowarzyszenia<\/li>\n\n\n\n<li>2. Cz\u0142onkostwo honorowe nadaje Walne Zebranie Cz\u0142onk\u00f3w na wniosek Zarz\u0105du.<\/li>\n\n\n\n<li>3. Cz\u0142onek honorowy posiada wszystkie prawa cz\u0142onka zwyczajnego, a ponadto jest zwolniony z obowi\u0105zku p\u0142acenia wszelkich op\u0142at i \u015bwiadcze\u0144 na rzecz Stowarzyszenia.<\/li>\n\n\n\n<li><strong>\u00a7 13<\/strong><\/li>\n\n\n\n<li>Cz\u0142onkowie zwyczajni Stowarzyszenia maj\u0105 prawo:<\/li>\n\n\n\n<li>1. Bra\u0107 udzia\u0142 w Walnym Zebraniu Cz\u0142onk\u00f3w z g\u0142osem stanowi\u0105cym.<\/li>\n\n\n\n<li>2. Wybiera\u0107 i by\u0107 wybieranym do w\u0142adz Stowarzyszenia.<\/li>\n\n\n\n<li>3. Zg\u0142asza\u0107 do w\u0142adz Stowarzyszenia wnioski w sprawach zwi\u0105zanych z celami i dzia\u0142alno\u015bci\u0105 Stowarzyszenia<\/li>\n\n\n\n<li>4. \u017b\u0105da\u0107 informacji o sposobie ich za\u0142atwienia.<\/li>\n\n\n\n<li>5. Bra\u0107 udzia\u0142 na zasadach okre\u015blonych przez organizator\u00f3w w konferencjach, szkoleniach i innych formach dzia\u0142alno\u015bci Stowarzyszenia.<\/li>\n\n\n\n<li>6. Korzysta\u0107 z urz\u0105dze\u0144, \u015bwiadcze\u0144 i pomocy Stowarzyszenia.<\/li>\n\n\n\n<li>7. Postanowienia pkt. 3, 4, 5 stosuj\u0105 si\u0119 r\u00f3wnie\u017c do cz\u0142onk\u00f3w wspieraj\u0105cych. Ponadto cz\u0142onkowie Ci maj\u0105 prawo uczestniczy\u0107 w Walnym Zebraniu Cz\u0142onk\u00f3w z g\u0142osem doradczym.<\/li>\n\n\n\n<li><strong>\u00a7 14<\/strong><\/li>\n\n\n\n<li>Cz\u0142onkowie Stowarzyszenia zobowi\u0105zani s\u0105:<\/li>\n\n\n\n<li>1. Troszczy\u0107 si\u0119 o dobro i rozw\u00f3j Stowarzyszenia.<\/li>\n\n\n\n<li>2. Czynnie uczestniczy\u0107 w dzia\u0142alno\u015bci Stowarzyszenia.<\/li>\n\n\n\n<li>3. Stosowa\u0107 si\u0119 do Statutu, regulamin\u00f3w i uchwa\u0142 w\u0142adz Stowarzyszenia.<\/li>\n\n\n\n<li>4. Op\u0142aca\u0107 regularnie sk\u0142adki, w wypadku cz\u0142onk\u00f3w wspieraj\u0105cych spe\u0142nia\u0107 inne zadeklarowane \u015bwiadczenia na rzecz Stowarzyszenia.<\/li>\n\n\n\n<li><strong>\u00a7 15<\/strong><\/li>\n\n\n\n<li>1. Cz\u0142onkostwo w Stowarzyszeniu ustaje na skutek:<\/li>\n\n\n\n<li>a\/ dobrowolnego wyst\u0105pienia ze Stowarzyszenia zg\u0142oszonego na pi\u015bmie do Zarz\u0105du,<\/li>\n\n\n\n<li>b\/ \u015bmierci cz\u0142onka,<\/li>\n\n\n\n<li>c\/ wykre\u015blenia z listy cz\u0142onk\u00f3w,<\/li>\n\n\n\n<li>d\/ utraty osobowo\u015bci prawnej przez cz\u0142onka wspieraj\u0105cego \u2013 osob\u0119 prawn\u0105,<\/li>\n\n\n\n<li>e\/ pozbawienia cz\u0142onkostwa honorowego.<\/li>\n\n\n\n<li>2. Pozbawienie cz\u0142onkostwa przez wykre\u015blenie z listy cz\u0142onk\u00f3w mo\u017ce nast\u0105pi\u0107, je\u017celi cz\u0142onek nie przestrzega postanowie\u0144 Statutu, regulamin\u00f3w i uchwa\u0142 Stowarzyszenia, dzia\u0142a na szkod\u0119 Stowarzyszenia lub zalega z p\u0142atno\u015bci\u0105 sk\u0142adek na okres co najmniej 6-ciu miesi\u0119cy i mimo wezwania, \u015bwiadczenia tego nie spe\u0142nia.<\/li>\n\n\n\n<li>3. Uchwa\u0142\u0119 o wykre\u015bleniu podejmuje Zarz\u0105d. Od uchwa\u0142y tej cz\u0142onek mo\u017ce si\u0119 odwo\u0142a\u0107 w ci\u0105gu 30 dni od jej dor\u0119czenia wraz z uzasadnieniem, do Walnego Zebrania Cz\u0142onk\u00f3w, kt\u00f3rego uchwa\u0142a jest ostateczna.<\/li>\n\n\n\n<li>4. Postanowienia ust\u0119p\u00f3w poprzedzaj\u0105cych stosuje si\u0119 odpowiednio do cz\u0142onk\u00f3w wspieraj\u0105cych i honorowych<\/li>\n\n\n\n<li><strong><em>Rozdzia\u0142 IV<\/em><\/strong><\/li>\n\n\n\n<li>Struktura i w\u0142adze Stowarzyszenia<\/li>\n\n\n\n<li><strong>\u00a7 16<\/strong><\/li>\n\n\n\n<li>W\u0142adzami Stowarzyszenia s\u0105:<\/li>\n\n\n\n<li>1. Walne Zebranie Cz\u0142onk\u00f3w.<\/li>\n\n\n\n<li>2. Zarz\u0105d.<\/li>\n\n\n\n<li>3. Komisja Rewizyjna.<\/li>\n\n\n\n<li><strong>\u00a7 17<\/strong><\/li>\n\n\n\n<li>Kadencja w\u0142adz trwa 4 lata, a ich wyb\u00f3r odbywa si\u0119 w g\u0142osowaniu tajnym lub jawnym w zale\u017cno\u015bci od Uchwa\u0142y Walnego Zebrania Cz\u0142onk\u00f3w w tym przedmiocie.<\/li>\n\n\n\n<li><strong>\u00a7 18<\/strong><\/li>\n\n\n\n<li>Uchwa\u0142y wszystkich w\u0142adz podejmowane s\u0105 zwyk\u0142\u0105 wi\u0119kszo\u015bci\u0105 g\u0142os\u00f3w przy obecno\u015bci co najmniej po\u0142owy og\u00f3lnej liczby os\u00f3b uprawnionych do g\u0142osowania je\u017celi dalsze postanowienia statutu nie stanowi\u0105 inaczej.<\/li>\n\n\n\n<li>Walne Zebranie<\/li>\n\n\n\n<li><strong>\u00a7 19<\/strong><\/li>\n\n\n\n<li>Zebranie Walne cz\u0142onk\u00f3w jest najwy\u017csz\u0105 w\u0142adz\u0105 Stowarzyszenia, kt\u00f3re mo\u017ce by\u0107 zwyczajne lub nadzwyczajne.<\/li>\n\n\n\n<li><strong>\u00a7 20<\/strong><\/li>\n\n\n\n<li>Zwyczajne Walne Zebranie zwo\u0142ywane jest przez Zarz\u0105d Stowarzyszenia co najmniej raz w roku, przy czym termin, miejsce i porz\u0105dek dzienny powinien by\u0107 podany do wiadomo\u015bci nie p\u00f3\u017aniej ni\u017c dwa tygodnie przed dat\u0105 zebrania.<\/li>\n\n\n\n<li><strong>\u00a7 21<\/strong><\/li>\n\n\n\n<li>1. Nadzwyczajne Walne Zebranie Cz\u0142onk\u00f3w zwo\u0142uje Zarz\u0105d:<\/li>\n\n\n\n<li>a\/ z w\u0142asnej inicjatywy<\/li>\n\n\n\n<li>b\/ na \u017c\u0105danie Komisji Rewizyjnej<\/li>\n\n\n\n<li>c\/ na pisemny wniosek co najmniej 1\/3 cz\u0142onk\u00f3w zwyczajnych Stowarzyszenia<\/li>\n\n\n\n<li>2. Nadzwyczajne Walne Zebranie Cz\u0142onk\u00f3w winno by\u0107 zwo\u0142ane w terminie miesi\u0105ca od daty zg\u0142oszenia wniosku lub \u017c\u0105dania i obradowa\u0107 nad sprawami, dla kt\u00f3rych zosta\u0142o zwo\u0142ane.<\/li>\n\n\n\n<li><strong>\u00a7 22<\/strong><\/li>\n\n\n\n<li>1. Uchwa\u0142y Walnego Zebrania Cz\u0142onk\u00f3w zapadaj\u0105 zwyk\u0142\u0105 wi\u0119kszo\u015bci\u0105 g\u0142os\u00f3w przy obecno\u015bci co najmniej po\u0142owy cz\u0142onk\u00f3w uprawnionych do g\u0142osowania.<\/li>\n\n\n\n<li>2. Uchwa\u0142y Walnego Zebrania Cz\u0142onk\u00f3w mog\u0105 by\u0107 prawomocne w kolejnym terminie, pomimo uczestnictwa mniej ni\u017c 50 % cz\u0142onk\u00f3w uprawnionych do g\u0142osowania pod warunkiem, \u017ce w pisemnych zawiadomieniach o Walnym Zebraniu Cz\u0142onk\u00f3w , mo\u017cliwo\u015b\u0107 taka b\u0119dzie przewidziana i podany zostanie termin kolejnego zebrania.<\/li>\n\n\n\n<li>3. Uchwa\u0142y o zmianie Statutu lub rozwi\u0105zaniu Stowarzyszenia zostaj\u0105 podj\u0119te gdy opowie si\u0119 za nimi co najmniej 2\/3 obecnych cz\u0142onk\u00f3w.<\/li>\n\n\n\n<li>4. W przypadku r\u00f3wnej liczby g\u0142os\u00f3w \u201eza\u201d i \u201eprzeciw\u201d decyduje g\u0142os przewodnicz\u0105cego obrad.<\/li>\n\n\n\n<li><strong>\u00a7 23<\/strong><\/li>\n\n\n\n<li>Do kompetencji Walnego Zebrania Cz\u0142onk\u00f3w nale\u017cy:<\/li>\n\n\n\n<li>1. Uchwalenie g\u0142\u00f3wnych kierunk\u00f3w dzia\u0142alno\u015bci merytorycznej i finansowej Stowarzyszenia.<\/li>\n\n\n\n<li>2. Rozpatrywanie i zatwierdzanie sprawozda\u0144 Zarz\u0105du i Komisji Rewizyjnej oraz udzielenie Zarz\u0105dowi absolutorium za okres obj\u0119ty sprawozdaniem.<\/li>\n\n\n\n<li>3. Wyb\u00f3r Zarz\u0105du oraz cz\u0142onk\u00f3w Komisji Rewizyjnej.<\/li>\n\n\n\n<li>4. Nadawanie godno\u015bci cz\u0142onka honorowego.<\/li>\n\n\n\n<li>5. Podejmowanie uchwa\u0142 w sprawach zmian statutu lub rozwi\u0105zania Stowarzyszenia.<\/li>\n\n\n\n<li>6. Rozpatrywanie odwo\u0142a\u0144 od uchwa\u0142 Zarz\u0105du.<\/li>\n\n\n\n<li>7. Rozpatrywanie odwo\u0142a\u0144 w sprawach cz\u0142onkowskich.<\/li>\n\n\n\n<li>8. Rozpatrywanie spraw nie nale\u017c\u0105cych do kompetencji innych w\u0142adz Stowarzyszenia.<\/li>\n\n\n\n<li>9. Podejmowanie uchwa\u0142 w sprawie dysponowania maj\u0105tkiem Stowarzyszenia.<\/li>\n\n\n\n<li>Zarz\u0105d<\/li>\n\n\n\n<li><strong>\u00a7 24<\/strong><\/li>\n\n\n\n<li>1. Zarz\u0105d sk\u0142ada si\u0119 z 3 do 5 os\u00f3b.<\/li>\n\n\n\n<li>2. Posiedzenia Zarz\u0105du zwo\u0142ywane s\u0105 przez Prezesa w miar\u0119 potrzeby, nie rzadziej jednak ni\u017c raz na kwarta\u0142.<\/li>\n\n\n\n<li>3. Cz\u0142onkowie Zarz\u0105du mog\u0105 by\u0107 zatrudnieni w Stowarzyszeniu, mog\u0105 r\u00f3wnie\u017c pe\u0142ni\u0107 funkcje spo\u0142eczne.<\/li>\n\n\n\n<li><strong>\u00a7 25<\/strong><\/li>\n\n\n\n<li>Do kompetencji Zarz\u0105du nale\u017cy:<\/li>\n\n\n\n<li>1. Kierowanie bie\u017c\u0105c\u0105 dzia\u0142alno\u015bci\u0105 Stowarzyszenia.<\/li>\n\n\n\n<li>2. Realizowanie uchwa\u0142 Walnego Zebrania Cz\u0142onk\u00f3w.<\/li>\n\n\n\n<li>3. Reprezentowanie Stowarzyszenia na zewn\u0105trz i dzia\u0142anie w jego imieniu.<\/li>\n\n\n\n<li>4. Dysponowanie maj\u0105tkiem Stowarzyszenia w ramach uprawnie\u0144 przyznanych przez Walne Zebranie Cz\u0142onk\u00f3w.<\/li>\n\n\n\n<li>5. Przyjmowanie i wykre\u015blanie z listy cz\u0142onk\u00f3w.<\/li>\n\n\n\n<li>6. Zwo\u0142ywanie Walnych Zebra\u0144 Cz\u0142onk\u00f3w.<\/li>\n\n\n\n<li>7. Uchwalanie preliminarza bud\u017cetowego Stowarzyszenia.<\/li>\n\n\n\n<li>8. Rozpatrywanie spor\u00f3w pomi\u0119dzy cz\u0142onkami powsta\u0142ych na tle dzia\u0142alno\u015bci Stowarzyszenia.<\/li>\n\n\n\n<li>9. Wykonywanie innych zada\u0144 przewidzianych w Statucie.<\/li>\n\n\n\n<li>10. Powo\u0142ywanie komisji, komitet\u00f3w, zespo\u0142\u00f3w i sekcji.<\/li>\n\n\n\n<li>11. Uchwalanie regulamin\u00f3w wewn\u0119trznych.<\/li>\n\n\n\n<li>12. Decydowanie o zasadach zatrudniania i wynagradzania.<\/li>\n\n\n\n<li>13. Ustalanie wysoko\u015bci sk\u0142adek cz\u0142onkowskich.<\/li>\n\n\n\n<li><strong>\u00a7 26<\/strong><\/li>\n\n\n\n<li>1. Prezes Stowarzyszenia kieruje prac\u0105 Zarz\u0105du, w razie jego nieobecno\u015bci jego obowi\u0105zki przejmuje Wiceprezes.<\/li>\n\n\n\n<li>2. Prezes zwo\u0142uje i przewodniczy posiedzeniom Zarz\u0105du.<\/li>\n\n\n\n<li>3. Uchwa\u0142y Zarz\u0105du zapadaj\u0105 zwyk\u0142\u0105 wi\u0119kszo\u015bci\u0105 g\u0142os\u00f3w, w przypadku r\u00f3wnej ilo\u015bci g\u0142os\u00f3w \u201eza\u201d i \u201eprzeciw\u201d decyduje g\u0142os Prezesa.<\/li>\n\n\n\n<li><strong>\u00a7 27<\/strong><\/li>\n\n\n\n<li>1. Do nabywania, zbywania i obci\u0105\u017cania maj\u0105tku oraz dysponowania \u015brodkami Stowarzyszenia upowa\u017cniony jest Zarz\u0105d zgodnie z \u00a7 25 pkt. 4 Statutu.<\/li>\n\n\n\n<li><strong>\u00a7 28<\/strong><\/li>\n\n\n\n<li>Odwo\u0142anie Cz\u0142onk\u00f3w Zarz\u0105du nast\u0119puje w czasie Zebrania Walnego wi\u0119kszo\u015bci\u0105 2\/3 uprawnionych do g\u0142osowania przy obecno\u015bci co najmniej po\u0142owy uprawnionych. Wniosek o odwo\u0142anie Cz\u0142onk\u00f3w Zarz\u0105du sk\u0142ada 1\/5 cz\u0142onk\u00f3w Zebrania Walnego.<\/li>\n\n\n\n<li>Komisja Rewizyjna<\/li>\n\n\n\n<li><strong>\u00a7 29<\/strong><\/li>\n\n\n\n<li>Komisja Rewizyjna sk\u0142ada si\u0119 z 3-5 cz\u0142onk\u00f3w. W jej sk\u0142ad wchodz\u0105:<\/li>\n\n\n\n<li>1. Przewodnicz\u0105cy,<\/li>\n\n\n\n<li>2. Wiceprzewodnicz\u0105cy,<\/li>\n\n\n\n<li>3. Sekretarz,<\/li>\n\n\n\n<li>4. Cz\u0142onkowie Komisji.<\/li>\n\n\n\n<li><strong>\u00a7 30<\/strong><\/li>\n\n\n\n<li>Do kompetencji Komisji Rewizyjnej nale\u017cy:<\/li>\n\n\n\n<li>a\/ kontrolowanie co najmniej raz w roku ca\u0142okszta\u0142tu dzia\u0142alno\u015bci Stowarzyszenia,<\/li>\n\n\n\n<li>b\/ wyst\u0119powanie do Zarz\u0105du z wnioskami wynikaj\u0105cymi z ustale\u0144 kontroli i \u017c\u0105danie wyja\u015bnie\u0144,<\/li>\n\n\n\n<li>c\/ sk\u0142adanie Walnemu Zebraniu Cz\u0142onk\u00f3w sprawozda\u0144 ze swojej dzia\u0142alno\u015bci,<\/li>\n\n\n\n<li>d\/ wyst\u0119powanie z wnioskiem w przedmiocie absolutorium dla ust\u0119puj\u0105cego Zarz\u0105du.<\/li>\n\n\n\n<li><strong>\u00a7 31<\/strong><\/li>\n\n\n\n<li>1. Cz\u0142onkowie Komisji Rewizyjnej mog\u0105 bra\u0107 udzia\u0142 w posiedzeniach Zarz\u0105du z g\u0142osem doradczym.<\/li>\n\n\n\n<li>2. Zasady zwo\u0142ywania posiedze\u0144 Komisji oraz spos\u00f3b wykonywania przez ni\u0105 czynno\u015bci kontrolnych okre\u015bla regulamin Komisji.<\/li>\n\n\n\n<li><strong><em>Rozdzia\u0142 V<\/em><\/strong><\/li>\n\n\n\n<li>Maj\u0105tek Stowarzyszenia<\/li>\n\n\n\n<li><strong>\u00a7 32<\/strong><\/li>\n\n\n\n<li>1. Maj\u0105tek Stowarzyszenia stanowi\u0105: nieruchomo\u015bci, ruchomo\u015bci i fundusze.<\/li>\n\n\n\n<li>2. Na fundusze sk\u0142adaj\u0105 si\u0119:<\/li>\n\n\n\n<li>a) wp\u0142ywy ze sk\u0142adek cz\u0142onkowskich,<\/li>\n\n\n\n<li>b) dotacje, darowizny, spadki, zapisy i lokaty, sponsoring,<\/li>\n\n\n\n<li>c) wp\u0142ywy z dzia\u0142alno\u015bci statutowej,<\/li>\n\n\n\n<li>d) dochody z dzia\u0142alno\u015bci gospodarczej prowadzonej zgodnie z obowi\u0105zuj\u0105cymi w tym<\/li>\n\n\n\n<li>zakresie przepisami.<\/li>\n\n\n\n<li>3. Na podstawie uchwa\u0142y Walnego Zebrania Stowarzyszenie mo\u017ce podj\u0105\u0107 dzia\u0142alno\u015b\u0107 gospodarcz\u0105 z kt\u00f3rej dochody przeznacza si\u0119 na realizacj\u0119 cel\u00f3w statutowych Stowarzyszenia.<\/li>\n\n\n\n<li><strong>\u00a7 33<\/strong><\/li>\n\n\n\n<li>Dla wa\u017cno\u015bci o\u015bwiadcze\u0144 w zakresie praw i obowi\u0105zk\u00f3w maj\u0105tkowych konieczne jest wsp\u00f3\u0142dzia\u0142anie Prezesa i Wiceprezesa \u0142\u0105cznie lub 2 Wiceprezes\u00f3w i Cz\u0142onka Zarz\u0105du \u0142\u0105cznie.<\/li>\n\n\n\n<li><strong><em>Rozdzia\u0142 VI<\/em><\/strong><\/li>\n\n\n\n<li>Zmiana Statutu i rozwi\u0105zanie Stowarzyszenia<\/li>\n\n\n\n<li><strong>\u00a7 34<\/strong><\/li>\n\n\n\n<li>Uchwa\u0142\u0119 w sprawie zmiany Statutu lub rozwi\u0105zania Stowarzyszenia podejmuje Walne Zebranie<\/li>\n\n\n\n<li>Cz\u0142onk\u00f3w wi\u0119kszo\u015bci\u0105 2\/3 g\u0142os\u00f3w przy obecno\u015bci co najmniej po\u0142owy cz\u0142onk\u00f3w uprawnionych<\/li>\n\n\n\n<li>do g\u0142osowania w pierwszym terminie. W drugim terminie bez wzgl\u0119du na liczb\u0119 cz\u0142onk\u00f3w.<\/li>\n\n\n\n<li>Je\u017celi uchwa\u0142a o rozwi\u0105zaniu Stowarzyszenia nie stanowi inaczej, likwidatorem jest Prezes<\/li>\n\n\n\n<li>ostatniego Zarz\u0105du.<\/li>\n\n\n\n<li><strong>\u00a7 35<\/strong><\/li>\n\n\n\n<li>Po zako\u0144czeniu likwidacji maj\u0105tek Stowarzyszenia przeznacza si\u0119 na cele okre\u015blone przez<\/li>\n\n\n\n<li>Walne Zebranie Cz\u0142onk\u00f3w.<\/li>\n\n\n\n<li><strong>\u00a7 36<\/strong><\/li>\n\n\n\n<li>Statut niniejszy sporz\u0105dzony zosta\u0142 na 9 ponumerowanych stronach i obowi\u0105zuje z chwil\u0105<\/li>\n\n\n\n<li>prawomocnego wpisania Stowarzyszenia do rejestru S\u0105dowego.<\/li>\n\n\n\n<li><em>1. Niniejszy Statut zosta\u0142 uchwalony przez Komitet Za\u0142o\u017cycielski Stowarzyszenia GSK GONET<\/em><\/li>\n\n\n\n<li><em>w Gorzycach dn. 13.07.2000r. zosta\u0142 wpisany w dokumentach KRS.<\/em><\/li>\n\n\n\n<li><em>2. Tekst aktualny jednolity uwzgl\u0119dniaj\u0105cy zmiany wprowadzone przez Walne Zebranie Cz\u0142onk\u00f3w<\/em><\/li>\n\n\n\n<li><em>(Uchwa\u0142a a nr 4\/2007 z dn. 14.09.2007r.) i wpisany w KRS nr 0000065846.<\/em><\/li>\n\n\n\n<li><em>3. Tekst aktualny jednolity uwzgl\u0119dniaj\u0105cy zmiany wprowadzone przez Nadzwyczajne Walne Zebranie Cz\u0142onk\u00f3w (Uchwa\u0142a a nr 1\/2019 z dn. 25.01.2019r.).<\/em><\/li>\n<\/ul>\n","protected":false},"excerpt":{"rendered":"","protected":false},"author":1,"featured_media":0,"parent":0,"menu_order":0,"comment_status":"closed","ping_status":"closed","template":"","meta":{"footnotes":""},"class_list":["post-101","page","type-page","status-publish","hentry"],"_links":{"self":[{"href":"https:\/\/gskgonet.com.pl\/index.php?rest_route=\/wp\/v2\/pages\/101"}],"collection":[{"href":"https:\/\/gskgonet.com.pl\/index.php?rest_route=\/wp\/v2\/pages"}],"about":[{"href":"https:\/\/gskgonet.com.pl\/index.php?rest_route=\/wp\/v2\/types\/page"}],"author":[{"embeddable":true,"href":"https:\/\/gskgonet.com.pl\/index.php?rest_route=\/wp\/v2\/users\/1"}],"replies":[{"embeddable":true,"href":"https:\/\/gskgonet.com.pl\/index.php?rest_route=%2Fwp%2Fv2%2Fcomments&post=101"}],"version-history":[{"count":1,"href":"https:\/\/gskgonet.com.pl\/index.php?rest_route=\/wp\/v2\/pages\/101\/revisions"}],"predecessor-version":[{"id":102,"href":"https:\/\/gskgonet.com.pl\/index.php?rest_route=\/wp\/v2\/pages\/101\/revisions\/102"}],"wp:attachment":[{"href":"https:\/\/gskgonet.com.pl\/index.php?rest_route=%2Fwp%2Fv2%2Fmedia&parent=101"}],"curies":[{"name":"wp","href":"https:\/\/api.w.org\/{rel}","templated":true}]}}