{"id":109,"date":"2024-12-02T09:46:00","date_gmt":"2024-12-02T08:46:00","guid":{"rendered":"https:\/\/gskgonet.panorama4u.pl\/?page_id=109"},"modified":"2025-12-02T09:47:40","modified_gmt":"2025-12-02T08:47:40","slug":"rodo","status":"publish","type":"page","link":"https:\/\/gskgonet.com.pl\/?page_id=109","title":{"rendered":"RODO"},"content":{"rendered":"\n<ul class=\"wp-block-list\">\n<li>Szanowni Cz\u0142onkowie Stowarzyszenia Gminna Sie\u0107 Komputerowa GSK GONET w Gorzycach. 25 maja 2018 r. wchodzi w \u017cycie Rozporz\u0105dzenie Parlamentu Europejskiego i Rady (UE) 2016\/679 z dn. 27 kwietnia 2016 r. w sprawie ochrony os\u00f3b fizycznych w zwi\u0105zku z przetwarzaniem danych osobowych i w sprawie swobodnego przep\u0142ywu takich danych oraz uchylenia dyrektywy 95\/46\/WE (RODO).<\/li>\n\n\n\n<li>Zasady przetwarzania danych osobowych przez GSK GONET w Gorzycach.<\/li>\n\n\n\n<li>Klauzula informacyjna<\/li>\n\n\n\n<li>Stowarzyszenia Gminna Sie\u0107 Komputerowa GSK GONET w Gorzycach jest organizacj\u0105 non-profit i zajmuje si\u0119 krzewieniem wiedzy informatycznej i dostarczaniem dost\u0119pu do Internetu dla swoich cz\u0142onk\u00f3w.<\/li>\n\n\n\n<li>W zwi\u0105zku z powy\u017cszym zbieramy dane kontaktowe os\u00f3b b\u0119d\u0105cych cz\u0142onkami naszego<\/li>\n\n\n\n<li>stowarzyszenia. Zgodnie z art. 13 ust. 1-2 Rozporz\u0105dzenia Parlamentu Europejskiego i Rady (UE) 2016\/679 z dnia 27 kwietnia 2016 r. w sprawie ochrony os\u00f3b fizycznych w zwi\u0105zku z przetwarzaniem danych osobowych i w sprawie swobodnego przep\u0142ywu takich danych oraz uchylenia dyrektywy 95\/46\/WE (og\u00f3lne rozporz\u0105dzenie o ochronie danych) (dalej RODO) informujemy, \u017ce:<\/li>\n\n\n\n<li>Administrator danych osobowych<\/li>\n\n\n\n<li>Administratorem danych osobowych (dalej: Administrator) jest Stowarzyszenia Gminna Sie\u0107 Komputerowa GSK GONET z siedzib\u0105 w Gorzycach, ul. 11 listopada 12, 39-432 Gorzyce.<\/li>\n\n\n\n<li>Dane kontaktowe<\/li>\n\n\n\n<li>Nie wyznaczyli\u015bmy Inspektora Ochrony Danych. Decyzj\u0105 Zarz\u0105du Stowarzyszenia, osob\u0105 odpowiedzialn\u0105 za ochron\u0119 danych osobowych jest Pan Wieslaw Pizur, z kt\u00f3rym mo\u017cesz si\u0119 skontaktowa\u0107 w sprawach ochrony swoich danych osobowych pod e-mailem\u00a0wieslaw.pizur@gmail.com\u00a0lub osobi\u015bcie\\pisemnie pod adresem siedziby Stowarzyszenia Gminna Sie\u0107 Komputerowa GSK GONET z siedzib\u0105 w Gorzycach, ul. 11 listopada 12, 39-432 Gorzyce<\/li>\n\n\n\n<li>Cel przetwarzania danych oraz podstawa prawna przetwarzania danych<\/li>\n\n\n\n<li>1. Przetwarzamy dane w celu obs\u0142ugi naszych cz\u0142onk\u00f3w zgodnie ze statutem<\/li>\n\n\n\n<li>Stowarzyszenia.<\/li>\n\n\n\n<li>2. Dane przetwarzane przez Stowarzyszenie: imi\u0119, Nazwisku; Adres zamieszkania;<\/li>\n\n\n\n<li>numer telefonu.<\/li>\n\n\n\n<li>Okres, przez kt\u00f3ry dane b\u0119d\u0105 przechowywane<\/li>\n\n\n\n<li>1. Niezale\u017cnie od podstawy przetwarzania, zgodnie z kt\u00f3r\u0105 przetwarzamy Twoje dane osobowe, b\u0119dziemy przechowywa\u0107 je do momentu przedawnienia roszcze\u0144 z tytu\u0142u umowy \/ \u015bwiadczenia us\u0142ug lub do momentu wyga\u015bni\u0119cia obowi\u0105zku przechowywania danych wynikaj\u0105cego z przepis\u00f3w prawa, w szczeg\u00f3lno\u015bci obowi\u0105zku przechowywania dokument\u00f3w ksi\u0119gowych dotycz\u0105cych cz\u0142onkostwa w Stowarzyszeniu.<\/li>\n\n\n\n<li>2. Tam, gdzie przetwarzamy dane osobowe w oparciu o usprawiedliwiony interes Administratora, dane osobowe nie b\u0119d\u0105 przetwarzane dla okre\u015blonego celu, je\u017celi zg\u0142osisz sprzeciw wobec takiego przetwarzania.<\/li>\n\n\n\n<li>3. Pami\u0119taj, \u017ce je\u015bli przetwarzamy Twoje dane w oparciu o Twoj\u0105 zgod\u0119, mo\u017cesz w ka\u017cdej chwili j\u0105 wycofa\u0107, a my mo\u017cemy przetwarza\u0107 Twoje dane tylko do tego momentu.<\/li>\n\n\n\n<li>Odbiorcy danych<\/li>\n\n\n\n<li>1. Twoje dane osobowe nie s\u0105 udost\u0119pniane nikomu bez prawomocnego wyroku s\u0105dowego.<\/li>\n\n\n\n<li>Prawa osoby, kt\u00f3rej dane dotycz\u0105<\/li>\n\n\n\n<li>1. Przys\u0142uguje Ci prawo dost\u0119pu do Twoich danych oraz prawo \u017c\u0105dania ich sprostowania, usuni\u0119cia, ograniczenia przetwarzania.<\/li>\n\n\n\n<li>2. W zakresie, w jakim podstaw\u0105 przetwarzania Twoich danych osobowych jest zgoda, masz prawo cofni\u0119cia zgody. Cofni\u0119cie zgody nie ma wp\u0142ywu na zgodno\u015b\u0107 z prawem przetwarzania, kt\u00f3rego dokonano na podstawie zgody przed jej wycofaniem.<\/li>\n\n\n\n<li>3. Przys\u0142uguje Co r\u00f3wnie\u017c prawo wniesienia skargi do organu nadzorczego zajmuj\u0105cego si\u0119 ochron\u0105 danych osobowych, gdy uznasz, i\u017c przetwarzanie Twoich danych<\/li>\n\n\n\n<li>osobowych narusza przepisy og\u00f3lnego rozporz\u0105dzenia o ochronie danych osobowych<\/li>\n\n\n\n<li>z dnia 27 kwietnia 2016. Stowarzyszenia Gminna Sie\u0107 Komputerowa GSK GONET z siedzib\u0105 w Gorzycach, ul. 11 listopada 12, 39-432 Gorzyce.<\/li>\n<\/ul>\n","protected":false},"excerpt":{"rendered":"","protected":false},"author":1,"featured_media":0,"parent":0,"menu_order":0,"comment_status":"closed","ping_status":"closed","template":"","meta":{"footnotes":""},"class_list":["post-109","page","type-page","status-publish","hentry"],"_links":{"self":[{"href":"https:\/\/gskgonet.com.pl\/index.php?rest_route=\/wp\/v2\/pages\/109"}],"collection":[{"href":"https:\/\/gskgonet.com.pl\/index.php?rest_route=\/wp\/v2\/pages"}],"about":[{"href":"https:\/\/gskgonet.com.pl\/index.php?rest_route=\/wp\/v2\/types\/page"}],"author":[{"embeddable":true,"href":"https:\/\/gskgonet.com.pl\/index.php?rest_route=\/wp\/v2\/users\/1"}],"replies":[{"embeddable":true,"href":"https:\/\/gskgonet.com.pl\/index.php?rest_route=%2Fwp%2Fv2%2Fcomments&post=109"}],"version-history":[{"count":1,"href":"https:\/\/gskgonet.com.pl\/index.php?rest_route=\/wp\/v2\/pages\/109\/revisions"}],"predecessor-version":[{"id":110,"href":"https:\/\/gskgonet.com.pl\/index.php?rest_route=\/wp\/v2\/pages\/109\/revisions\/110"}],"wp:attachment":[{"href":"https:\/\/gskgonet.com.pl\/index.php?rest_route=%2Fwp%2Fv2%2Fmedia&parent=109"}],"curies":[{"name":"wp","href":"https:\/\/api.w.org\/{rel}","templated":true}]}}