{"id":112,"date":"2024-12-02T09:48:00","date_gmt":"2024-12-02T08:48:00","guid":{"rendered":"https:\/\/gskgonet.panorama4u.pl\/?page_id=112"},"modified":"2025-12-02T09:49:23","modified_gmt":"2025-12-02T08:49:23","slug":"historia","status":"publish","type":"page","link":"https:\/\/gskgonet.com.pl\/?page_id=112","title":{"rendered":"Historia"},"content":{"rendered":"\n<p>Pomys\u0142 zorganizowania osiedlowej sieci komputerowej powsta\u0142 w 1999r. we wsp\u00f3\u0142pracy z operatorem osiedlowej sieci TVK tj. firm\u0105 PSE Rzesz\u00f3w sp. z o.o.<br>Osiedlowa amatorska sie\u0107 komputerowa dzia\u0142a jako Stowarzyszenie po minimalnych kosztach, zapewniaj\u0105c tani dost\u0119p do Internetu dla wszystkich zainteresowanych.<\/p>\n","protected":false},"excerpt":{"rendered":"<p>Pomys\u0142 zorganizowania osiedlowej sieci komputerowej powsta\u0142 w 1999r. we wsp\u00f3\u0142pracy z operatorem osiedlowej sieci TVK tj. firm\u0105 PSE Rzesz\u00f3w sp. z o.o.Osiedlowa amatorska sie\u0107 komputerowa dzia\u0142a jako Stowarzyszenie po minimalnych kosztach, zapewniaj\u0105c tani dost\u0119p do Internetu dla wszystkich zainteresowanych.<\/p>\n","protected":false},"author":1,"featured_media":0,"parent":0,"menu_order":0,"comment_status":"closed","ping_status":"closed","template":"","meta":{"footnotes":""},"class_list":["post-112","page","type-page","status-publish","hentry"],"_links":{"self":[{"href":"https:\/\/gskgonet.com.pl\/index.php?rest_route=\/wp\/v2\/pages\/112"}],"collection":[{"href":"https:\/\/gskgonet.com.pl\/index.php?rest_route=\/wp\/v2\/pages"}],"about":[{"href":"https:\/\/gskgonet.com.pl\/index.php?rest_route=\/wp\/v2\/types\/page"}],"author":[{"embeddable":true,"href":"https:\/\/gskgonet.com.pl\/index.php?rest_route=\/wp\/v2\/users\/1"}],"replies":[{"embeddable":true,"href":"https:\/\/gskgonet.com.pl\/index.php?rest_route=%2Fwp%2Fv2%2Fcomments&post=112"}],"version-history":[{"count":1,"href":"https:\/\/gskgonet.com.pl\/index.php?rest_route=\/wp\/v2\/pages\/112\/revisions"}],"predecessor-version":[{"id":113,"href":"https:\/\/gskgonet.com.pl\/index.php?rest_route=\/wp\/v2\/pages\/112\/revisions\/113"}],"wp:attachment":[{"href":"https:\/\/gskgonet.com.pl\/index.php?rest_route=%2Fwp%2Fv2%2Fmedia&parent=112"}],"curies":[{"name":"wp","href":"https:\/\/api.w.org\/{rel}","templated":true}]}}