{"id":116,"date":"2024-12-02T09:52:00","date_gmt":"2024-12-02T08:52:00","guid":{"rendered":"https:\/\/gskgonet.panorama4u.pl\/?page_id=116"},"modified":"2025-12-02T09:53:51","modified_gmt":"2025-12-02T08:53:51","slug":"o-nas","status":"publish","type":"page","link":"https:\/\/gskgonet.com.pl\/?page_id=116","title":{"rendered":"O Nas"},"content":{"rendered":"\n<p>Nad poprawno\u015bci\u0105 dzia\u0142ania ca\u0142ej sieci czuwa pewna grupa ludzi. S\u0105 to ludzie kt\u00f3rzy wsp\u00f3\u0142pracuj\u0105 i wykonuj\u0105 swoj\u0105 prac\u0119 aby sie\u0107 mog\u0142a istnie\u0107 i dzia\u0142a\u0107 prawid\u0142owo. Robi\u0105 to w ramach swego wolnego czasu, nieraz siedz\u0105c godzinami przy komputerach, kablach czy przy papierach.<\/p>\n\n\n\n<h3 class=\"wp-block-heading\">Adres Stowarzyszenia<\/h3>\n\n\n\n<p>Gminna Sie\u0107 Komputerowa GONET<br>ul. 11 Listopada 12<br>39-432 Gorzyce<\/p>\n\n\n\n<h3 class=\"wp-block-heading\">Zarz\u0105d Stowarzyszenia GSK Gonet<\/h3>\n\n\n\n<figure class=\"wp-block-table\"><table class=\"has-fixed-layout\"><tbody><tr><td><strong>Prezes:<\/strong><\/td><td>Wies\u0142aw Pizur<\/td><\/tr><tr><td><strong>Wiceprezes:<\/strong><\/td><td>Jacek Polek<\/td><\/tr><tr><td><\/td><td>Marcin Grzywacz<\/td><\/tr><tr><td><strong>Komisja Rewizyjna:<\/strong><\/td><td>Grzegorz Szkudlarek<\/td><\/tr><tr><td><\/td><td>Janusz Pichla<\/td><\/tr><tr><td><\/td><td>Andrzej Brodowski<\/td><\/tr><\/tbody><\/table><\/figure>\n","protected":false},"excerpt":{"rendered":"<p>Nad poprawno\u015bci\u0105 dzia\u0142ania ca\u0142ej sieci czuwa pewna grupa ludzi. S\u0105 to ludzie kt\u00f3rzy wsp\u00f3\u0142pracuj\u0105 i wykonuj\u0105 swoj\u0105 prac\u0119 aby sie\u0107 mog\u0142a istnie\u0107 i dzia\u0142a\u0107 prawid\u0142owo. Robi\u0105 to w ramach swego wolnego czasu, nieraz siedz\u0105c godzinami przy komputerach, kablach czy przy papierach. Adres Stowarzyszenia Gminna Sie\u0107 Komputerowa GONETul. 11 Listopada 1239-432 Gorzyce Zarz\u0105d Stowarzyszenia GSK Gonet [&hellip;]<\/p>\n","protected":false},"author":1,"featured_media":0,"parent":0,"menu_order":0,"comment_status":"closed","ping_status":"closed","template":"","meta":{"footnotes":""},"class_list":["post-116","page","type-page","status-publish","hentry"],"_links":{"self":[{"href":"https:\/\/gskgonet.com.pl\/index.php?rest_route=\/wp\/v2\/pages\/116"}],"collection":[{"href":"https:\/\/gskgonet.com.pl\/index.php?rest_route=\/wp\/v2\/pages"}],"about":[{"href":"https:\/\/gskgonet.com.pl\/index.php?rest_route=\/wp\/v2\/types\/page"}],"author":[{"embeddable":true,"href":"https:\/\/gskgonet.com.pl\/index.php?rest_route=\/wp\/v2\/users\/1"}],"replies":[{"embeddable":true,"href":"https:\/\/gskgonet.com.pl\/index.php?rest_route=%2Fwp%2Fv2%2Fcomments&post=116"}],"version-history":[{"count":1,"href":"https:\/\/gskgonet.com.pl\/index.php?rest_route=\/wp\/v2\/pages\/116\/revisions"}],"predecessor-version":[{"id":117,"href":"https:\/\/gskgonet.com.pl\/index.php?rest_route=\/wp\/v2\/pages\/116\/revisions\/117"}],"wp:attachment":[{"href":"https:\/\/gskgonet.com.pl\/index.php?rest_route=%2Fwp%2Fv2%2Fmedia&parent=116"}],"curies":[{"name":"wp","href":"https:\/\/api.w.org\/{rel}","templated":true}]}}