{"id":2,"date":"2024-08-19T04:10:43","date_gmt":"2024-08-19T04:10:43","guid":{"rendered":"https:\/\/gskgonet.panorama4u.pl\/?page_id=2"},"modified":"2026-04-13T07:39:57","modified_gmt":"2026-04-13T06:39:57","slug":"dokumenty","status":"publish","type":"page","link":"https:\/\/gskgonet.com.pl\/?page_id=2","title":{"rendered":"Dokumenty"},"content":{"rendered":"\n<ul class=\"wp-block-list\">\n<li><a href=\"https:\/\/gskgonet.com.pl\/wp-content\/uploads\/2026\/01\/Deklaracja-czlonkowska.pdf\" target=\"_blank\" rel=\"noreferrer noopener\">Deklaracja cz\u0142onkowska PDF<\/a><\/li>\n\n\n\n<li><a href=\"https:\/\/gskgonet.com.pl\/wp-content\/uploads\/2026\/01\/Zawieszenie.pdf\" target=\"_blank\" rel=\"noreferrer noopener\">Zawieszenie z cz\u0142onkostwa PDF<\/a><\/li>\n\n\n\n<li><a href=\"https:\/\/gskgonet.com.pl\/wp-content\/uploads\/2026\/01\/Wznowienie.pdf\" target=\"_blank\" rel=\"noreferrer noopener\">Wznowienie cz\u0142onkostwa PDF<\/a><\/li>\n\n\n\n<li><a href=\"https:\/\/gskgonet.com.pl\/wp-content\/uploads\/2026\/01\/Rezygnacja.pdf\" target=\"_blank\" rel=\"noreferrer noopener\">Rezygnacja z cz\u0142onkostwa PDF<\/a><\/li>\n\n\n\n<li><a href=\"https:\/\/gskgonet.com.pl\/wp-content\/uploads\/2026\/01\/wniosek_o_uzyskanie_adresu_ip1.pdf\" target=\"_blank\" rel=\"noreferrer noopener\">Wniosek o uzyskanie IP PDF<\/a><\/li>\n\n\n\n<li><a href=\"https:\/\/gskgonet.com.pl\/wp-content\/uploads\/2026\/01\/Przeniesienie.pdf\" target=\"_blank\" rel=\"noreferrer noopener\">Wniosek o przeniesienie PDF<\/a><\/li>\n\n\n\n<li><a href=\"https:\/\/gskgonet.com.pl\/wp-content\/uploads\/2026\/04\/Deklaracja-udostepnienie-TV-v5.pdf\" data-type=\"link\" data-id=\"https:\/\/gskgonet.com.pl\/wp-content\/uploads\/2026\/04\/Deklaracja-udostepnienie-TV-v5.pdf\">Deklaracja &#8211; udost\u0119pnienie TV<\/a><\/li>\n<\/ul>\n\n\n\n<h3 class=\"wp-block-heading\">Protoko\u0142y<\/h3>\n\n\n\n<ul class=\"wp-block-list\">\n<li><a href=\"http:\/\/www.gskgonet.com.pl\/pliki\/2011\/12\/protokol_zarzadu_2013_02.doc\">Protok\u00f3\u0142 Zarz\u0105du GONET 1-2013 z 8.02.2013r<\/a><\/li>\n<\/ul>\n\n\n\n<h3 class=\"wp-block-heading\">Regulaminy<\/h3>\n\n\n\n<ul class=\"wp-block-list\">\n<li><a href=\"http:\/\/www.gskgonet.com.pl\/pliki\/2013\/06\/regulamin-sieci-2013.doc\">Regulamin stowarzyszenia<\/a><\/li>\n<\/ul>\n\n\n\n<p><\/p>\n","protected":false},"excerpt":{"rendered":"<p>Protoko\u0142y Regulaminy<\/p>\n","protected":false},"author":1,"featured_media":0,"parent":0,"menu_order":0,"comment_status":"closed","ping_status":"closed","template":"","meta":{"footnotes":""},"class_list":["post-2","page","type-page","status-publish","hentry"],"_links":{"self":[{"href":"https:\/\/gskgonet.com.pl\/index.php?rest_route=\/wp\/v2\/pages\/2"}],"collection":[{"href":"https:\/\/gskgonet.com.pl\/index.php?rest_route=\/wp\/v2\/pages"}],"about":[{"href":"https:\/\/gskgonet.com.pl\/index.php?rest_route=\/wp\/v2\/types\/page"}],"author":[{"embeddable":true,"href":"https:\/\/gskgonet.com.pl\/index.php?rest_route=\/wp\/v2\/users\/1"}],"replies":[{"embeddable":true,"href":"https:\/\/gskgonet.com.pl\/index.php?rest_route=%2Fwp%2Fv2%2Fcomments&post=2"}],"version-history":[{"count":11,"href":"https:\/\/gskgonet.com.pl\/index.php?rest_route=\/wp\/v2\/pages\/2\/revisions"}],"predecessor-version":[{"id":562,"href":"https:\/\/gskgonet.com.pl\/index.php?rest_route=\/wp\/v2\/pages\/2\/revisions\/562"}],"wp:attachment":[{"href":"https:\/\/gskgonet.com.pl\/index.php?rest_route=%2Fwp%2Fv2%2Fmedia&parent=2"}],"curies":[{"name":"wp","href":"https:\/\/api.w.org\/{rel}","templated":true}]}}