{"id":445,"date":"2026-01-20T15:14:38","date_gmt":"2026-01-20T14:14:38","guid":{"rendered":"https:\/\/gskgonet.com.pl\/?page_id=445"},"modified":"2026-01-20T15:19:34","modified_gmt":"2026-01-20T14:19:34","slug":"aktualnosci","status":"publish","type":"page","link":"https:\/\/gskgonet.com.pl\/?page_id=445","title":{"rendered":"Aktualno\u015bci"},"content":{"rendered":"\n<div class=\"wp-block-query is-layout-flow wp-block-query-is-layout-flow\"><ul class=\"wp-block-post-template is-layout-flow wp-block-post-template-is-layout-flow\"><li class=\"wp-block-post post-80 post type-post status-publish format-standard hentry category-walne-zgromadzenie\">\n<h2 class=\"wp-block-post-title\"><a href=\"https:\/\/gskgonet.com.pl\/?p=80\" target=\"_self\" >Walne zebranie cz\u0142onk\u00f3w Stowarzyszenia GONET<\/a><\/h2>\n\n<div class=\"wp-block-post-excerpt\"><p class=\"wp-block-post-excerpt__excerpt\">Zarz\u0105d Stowarzyszenia G S K \u201eGONET\u201d w Gorzycach dzia\u0142aj\u0105c na podstawie \u00a7 20 i \u00a7 22 Statutu , zwo\u0142uje na dzie\u014426.06.2025r. (czwartek) na godzin\u0119 1700. WALNE ZEBRANIE CZ\u0141ONK\u00d3W Zebranie odb\u0119dzie si\u0119 w holu obok biura Stowarzyszenia w budynku CWiRS, ul.11 Listopada 12 w Gorzycach.W przypadku braku quorum ( min 50 % obecnych Cz\u0142onk\u00f3w Stowarzyszenia) w&hellip; <\/p><\/div>\n\n\n<hr class=\"wp-block-separator has-css-opacity\"\/>\n\n\n<div class=\"wp-block-post-date\"><time datetime=\"2025-06-09T13:38:00+01:00\">09\/06\/2025<\/time><\/div>\n<\/li><li class=\"wp-block-post post-78 post type-post status-publish format-standard hentry category-zyczenia-swiateczne\">\n<h2 class=\"wp-block-post-title\"><a href=\"https:\/\/gskgonet.com.pl\/?p=78\" target=\"_self\" >\u017byczenia \u015bwi\u0105teczne<\/a><\/h2>\n\n<div class=\"wp-block-post-excerpt\"><p class=\"wp-block-post-excerpt__excerpt\">Z okazji nadchodz\u0105cych \u015awi\u0105t Bo\u017cego Narodzenia i Nowego Roku \u017cyczymy Wam przede wszystkim zdrowia, rado\u015bci i mn\u00f3stwa powod\u00f3w do u\u015bmiechu. Niech 2025 rok obfituje w inspiruj\u0105ce spotkania, rozw\u00f3j zawodowy i osobisty oraz okazje do umacniania relacji z bliskimi. Weso\u0142ych \u015awi\u0105t i szcz\u0119\u015bliwego Nowego Roku! Z serdecznymi pozdrowieniami,Zarz\u0105d Stowarzyszenia. <\/p><\/div>\n\n\n<hr class=\"wp-block-separator has-css-opacity\"\/>\n\n\n<div class=\"wp-block-post-date\"><time datetime=\"2024-12-19T13:37:00+01:00\">19\/12\/2024<\/time><\/div>\n<\/li><li class=\"wp-block-post post-73 post type-post status-publish format-standard hentry category-informacje\">\n<h2 class=\"wp-block-post-title\"><a href=\"https:\/\/gskgonet.com.pl\/?p=73\" target=\"_self\" >PRZEKA\u017b 1,5% Podatku<\/a><\/h2>\n\n<div class=\"wp-block-post-excerpt\"><p class=\"wp-block-post-excerpt__excerpt\">Przeka\u017c 1,5% podatku na KRS: 0000270261 z celem szczeg\u00f3\u0142owym:&nbsp;STOWARZYSZENIE GSK GONET 23925 &nbsp;Zbi\u00f3rka ma charakter anonimowy! Stowarzyszenie Gminna Sie\u0107 Komputerowa GONET powsta\u0142o w roku 1999 jako oddolna inicjatywa mieszka\u0144c\u00f3w naszego osiedla. Jeste\u015bmy organizacj\u0105 non profit, co oznacza, \u017ce wszystkie wp\u0142aty s\u0105 u\u017cyte na cele statutowe Stowarzyszenia. Powstali\u015bmy, aby dzia\u0142a\u0107 na rzecz dzieci, m\u0142odzie\u017cy i doros\u0142ych.&hellip; <\/p><\/div>\n\n\n<hr class=\"wp-block-separator has-css-opacity\"\/>\n\n\n<div class=\"wp-block-post-date\"><time datetime=\"2024-12-18T13:31:00+01:00\">18\/12\/2024<\/time><\/div>\n<\/li><\/ul><\/div>\n","protected":false},"excerpt":{"rendered":"","protected":false},"author":1,"featured_media":0,"parent":0,"menu_order":0,"comment_status":"closed","ping_status":"closed","template":"","meta":{"footnotes":""},"class_list":["post-445","page","type-page","status-publish","hentry"],"_links":{"self":[{"href":"https:\/\/gskgonet.com.pl\/index.php?rest_route=\/wp\/v2\/pages\/445"}],"collection":[{"href":"https:\/\/gskgonet.com.pl\/index.php?rest_route=\/wp\/v2\/pages"}],"about":[{"href":"https:\/\/gskgonet.com.pl\/index.php?rest_route=\/wp\/v2\/types\/page"}],"author":[{"embeddable":true,"href":"https:\/\/gskgonet.com.pl\/index.php?rest_route=\/wp\/v2\/users\/1"}],"replies":[{"embeddable":true,"href":"https:\/\/gskgonet.com.pl\/index.php?rest_route=%2Fwp%2Fv2%2Fcomments&post=445"}],"version-history":[{"count":3,"href":"https:\/\/gskgonet.com.pl\/index.php?rest_route=\/wp\/v2\/pages\/445\/revisions"}],"predecessor-version":[{"id":448,"href":"https:\/\/gskgonet.com.pl\/index.php?rest_route=\/wp\/v2\/pages\/445\/revisions\/448"}],"wp:attachment":[{"href":"https:\/\/gskgonet.com.pl\/index.php?rest_route=%2Fwp%2Fv2%2Fmedia&parent=445"}],"curies":[{"name":"wp","href":"https:\/\/api.w.org\/{rel}","templated":true}]}}