{"id":90,"date":"2025-12-01T15:22:34","date_gmt":"2025-12-01T14:22:34","guid":{"rendered":"https:\/\/gskgonet.panorama4u.pl\/?page_id=90"},"modified":"2025-12-02T08:33:05","modified_gmt":"2025-12-02T07:33:05","slug":"90-2","status":"publish","type":"page","link":"https:\/\/gskgonet.com.pl\/?page_id=90","title":{"rendered":"Sk\u0142adki"},"content":{"rendered":"\n<h3 class=\"wp-block-heading\">Sk\u0142adka i numer konta<\/h3>\n\n\n\n<ul class=\"wp-block-list\">\n<li>Pod\u0142\u0105czenie nowego u\u017cytkownika do sieci w przypadku braku kabla sieciowego:&nbsp;<strong>250 z\u0142<\/strong><\/li>\n\n\n\n<li>Sk\u0142adka inwestycyjna uzupe\u0142niaj\u0105ca dla Cz\u0142onka Stowarzyszenia, w przypadku zmiany lokalu w obr\u0119bie osiedla, gdy konieczne jest wykonanie nowej instalacji kablowej wynosi:&nbsp;<strong>150 z\u0142<\/strong>.<\/li>\n\n\n\n<li>W przypadku zbycia prawa do mieszkania, nowemu u\u017cytkownikowi mieszkania przys\u0142uguje prawo uzyskania cz\u0142onkostwa bez wnoszenia sk\u0142adki inwestycyjnej. Gdy pozostawiona instalacja sieciowa wymaga naprawy lub wymiany, nowy u\u017cytkownik ponosi koszty rzeczywiste zwi\u0105zane z doprowadzeniem jej do sprawno\u015bci technicznej&nbsp;<strong>nie wi\u0119ksze ni\u017c 150 z\u0142<\/strong>.<\/li>\n\n\n\n<li>Miesi\u0119czna sk\u0142adka cz\u0142onkowska wynosi&nbsp;<strong>40 z\u0142<\/strong>. Roczna suma op\u0142at cz\u0142onkowskich wynosi&nbsp;<strong>480 z\u0142<\/strong>. Mo\u017cliwa jest wp\u0142ata wielokrotno\u015bci sk\u0142adki. Zgodnie z Regulaminem Stowarzyszenia, zaleg\u0142o\u015b\u0107 w p\u0142atno\u015bci sk\u0142adek wi\u0119ksza ni\u017c jeden miesi\u0105c, mo\u017ce skutkowa\u0107 blokad\u0105 dost\u0119pu do Internetu.<\/li>\n\n\n\n<li>Pod\u0142\u0105czenie do sieci polega na doprowadzenia do mieszkania kabla sieci LAN zako\u0144czonego wtyczk\u0105 RJ45, pod\u0142\u0105czeniu komputera znajduj\u0105cego si\u0119 w mieszkaniu Cz\u0142onka Stowarzyszenia do osiedlowej sieci LAN i przetestowaniu dost\u0119pu do Internetu.<\/li>\n\n\n\n<li>Nie pobieramy op\u0142aty za ka\u017cdy, kolejny pod\u0142\u0105czony w mieszkaniu komputer lub inne urz\u0105dzenie.<\/li>\n<\/ul>\n\n\n\n<h5 class=\"wp-block-heading\">Ka\u017cdy cz\u0142onek Stowarzyszenia ma przypisane w\u0142asne subkonto, schemat subkonta poni\u017cej:<\/h5>\n\n\n\n<blockquote class=\"wp-block-quote is-layout-flow wp-block-quote-is-layout-flow\">\n<p><\/p>\n<\/blockquote>\n\n\n\n<ul class=\"wp-block-list\">\n<li><strong>XX 1140 1225 4046 XXXX XXXX XXXX<\/strong><em>MBANK S.A. O\/Rzesz\u00f3w<\/em><\/li>\n\n\n\n<li>(cyfry zast\u0105pione znakiem 'X\u201d sa zmienne i mog\u0105 by\u0107 inne dla ka\u017cdego cz\u0142onka Stowarzyszenia.<\/li>\n\n\n\n<li>Je\u017celi kto\u015b zagubi\u0142 swoje subkonto, proszony jest o kontakt z biurem Stowarzyszenia, email:&nbsp;biuro.gskgonet@gmail.com)<\/li>\n\n\n\n<li>Dane do przelewu:&nbsp;<em>GSK GONET<br>ul. 11 Listopada 12<br>39-432 Gorzyce<\/em><\/li>\n\n\n\n<li>W tytule przelewu nale\u017cy poda\u0107: Imi\u0119 i Nazwisko, ulic\u0119 i numer mieszkania \/ domu<\/li>\n<\/ul>\n\n\n\n<p><\/p>\n","protected":false},"excerpt":{"rendered":"<p>Sk\u0142adka i numer konta Ka\u017cdy cz\u0142onek Stowarzyszenia ma przypisane w\u0142asne subkonto, schemat subkonta poni\u017cej:<\/p>\n","protected":false},"author":1,"featured_media":0,"parent":0,"menu_order":0,"comment_status":"closed","ping_status":"closed","template":"","meta":{"footnotes":""},"class_list":["post-90","page","type-page","status-publish","hentry"],"_links":{"self":[{"href":"https:\/\/gskgonet.com.pl\/index.php?rest_route=\/wp\/v2\/pages\/90"}],"collection":[{"href":"https:\/\/gskgonet.com.pl\/index.php?rest_route=\/wp\/v2\/pages"}],"about":[{"href":"https:\/\/gskgonet.com.pl\/index.php?rest_route=\/wp\/v2\/types\/page"}],"author":[{"embeddable":true,"href":"https:\/\/gskgonet.com.pl\/index.php?rest_route=\/wp\/v2\/users\/1"}],"replies":[{"embeddable":true,"href":"https:\/\/gskgonet.com.pl\/index.php?rest_route=%2Fwp%2Fv2%2Fcomments&post=90"}],"version-history":[{"count":5,"href":"https:\/\/gskgonet.com.pl\/index.php?rest_route=\/wp\/v2\/pages\/90\/revisions"}],"predecessor-version":[{"id":99,"href":"https:\/\/gskgonet.com.pl\/index.php?rest_route=\/wp\/v2\/pages\/90\/revisions\/99"}],"wp:attachment":[{"href":"https:\/\/gskgonet.com.pl\/index.php?rest_route=%2Fwp%2Fv2%2Fmedia&parent=90"}],"curies":[{"name":"wp","href":"https:\/\/api.w.org\/{rel}","templated":true}]}}